{"id":1395,"date":"2021-10-19T16:17:53","date_gmt":"2021-10-19T15:17:53","guid":{"rendered":"https:\/\/www.astromarcus.de\/?page_id=1395"},"modified":"2021-10-19T16:18:31","modified_gmt":"2021-10-19T15:18:31","slug":"messier-33-20-10-2017-3-2-2","status":"publish","type":"page","link":"https:\/\/www.astromarcus.de\/?page_id=1395","title":{"rendered":"Messier 33 &#8211; 17.09.2012"},"content":{"rendered":"<table>\n<tbody>\n<tr>\n<td style=\"text-align: center;\" colspan=\"2\"><a href=\"https:\/\/www.astromarcus.de\/astromain\/wp-content\/grand-media\/image\/original\/M33-17-09-2012.jpg\"><img loading=\"lazy\" decoding=\"async\" id=\"gmedia-image-60\" class=\"gmedia-singlepic alignnone\" title=\"Messier 33 - 17.09.12\" src=\"https:\/\/www.astromarcus.de\/astromain\/wp-content\/grand-media\/image\/thumb\/M33-17-09-2012.jpg\" alt=\"Messier 33 - 17.09.12\" width=\"412\" height=\"300\" \/><\/a><\/td>\n<\/tr>\n<tr>\n<td style=\"text-align: left; vertical-align: top;\"><strong>Objekt:<\/strong><\/td>\n<td>Der Dreiecksnebel, auch als Dreiecksgalaxie sowie als Triangulumnebel oder Messier 33 bezeichnet, ist eine Spiralgalaxie mit den Abmessungen 70\u2032 \u00d7 40\u2032 und der Gesamthelligkeit von 5,7 mag im Sternbild Dreieck. Damit ist sie nach dem Andromedanebel die zweithellste Spiralgalaxie am Nachthimmel und eine der uns n\u00e4chstgelegenen.<br \/>\nDer Dreiecksnebel ist mit einem Durchmesser von etwa 50.000 bis 60.000 Lichtjahren[5] nach dem Andromedanebel (\u2248 150.000 Lj.) und dem Milchstra\u00dfensystem (\u2248 100.000 Lj.) das drittgr\u00f6\u00dfte Objekt in der Lokalen Gruppe.<br \/>\nDas im Messier-Katalog als M33 gef\u00fchrte Objekt war nach M51 die zweite Galaxie, an der Lord Rosse 1845 mit seinem Riesenteleskop eine Spiralstruktur erahnen konnte. Die Existenz dieser Spiralarme wurde von anderen Astronomen aber lange bezweifelt.<br \/>\nDie Entfernung zum Dreiecksnebel betr\u00e4gt knapp drei Millionen Lichtjahre. Die baryonische Masse dieser Spiralgalaxie (Sterne und Gas) betr\u00e4gt etwa zwei Prozent der Masse des Milchstra\u00dfensystems oder vier bis sechs Milliarden Sonnenmassen. Zusammen mit der umgebenden dunklen Materie d\u00fcrften es zwischen 20 und 40 Milliarden Sonnenmassen sein.<br \/>\nM\u00f6glicherweise ist der Dreiecksnebel gravitativ an den Andromedanebel gebunden, von dem er etwa eine Million Lichtjahre entfernt ist.<\/td>\n<\/tr>\n<tr>\n<td style=\"text-align: left; vertical-align: top;\"><strong>Aufgenommen am:<\/strong><\/td>\n<td>17.09.2012<\/td>\n<\/tr>\n<tr>\n<td style=\"text-align: left; vertical-align: top;\"><strong>Teleskop mit Montierung:<\/strong><\/td>\n<td>Vixen R200SS \u2013 8\u2033\/f4 auf GPDX<\/td>\n<\/tr>\n<tr>\n<td style=\"text-align: left; vertical-align: top;\"><strong>Kamera und Nachf\u00fchrung:<\/strong><\/td>\n<td>Aufnahme mit der Atik 383l+. Nachgef\u00fchrt wurde mit der Webcam Philips Toucam mit PHD Guiding.<\/td>\n<\/tr>\n<tr>\n<td style=\"text-align: left; vertical-align: top;\"><strong>Aufnahme Informationen:<\/strong><\/td>\n<td>8 x LRGB\u00a0 \u00e1 60sek ( = 32 min ) + 10\u00a0 LRGB Flats 10 Bias und 8 Darks. Nachbearbeitet mit Theli<\/td>\n<\/tr>\n<\/tbody>\n<\/table>\n","protected":false},"excerpt":{"rendered":"<p>Objekt: Der Dreiecksnebel, auch als Dreiecksgalaxie sowie als Triangulumnebel oder Messier 33 bezeichnet, ist eine Spiralgalaxie mit den Abmessungen 70\u2032 \u00d7 40\u2032 und der Gesamthelligkeit von 5,7 mag im Sternbild Dreieck. Damit ist sie nach dem Andromedanebel die zweithellste Spiralgalaxie am Nachthimmel und eine der uns n\u00e4chstgelegenen. Der Dreiecksnebel ist\u2026<\/p>\n<p class=\"continue-reading-button\"> <a class=\"continue-reading-link\" href=\"https:\/\/www.astromarcus.de\/?page_id=1395\">Continue reading<i class=\"crycon-right-dir\"><\/i><\/a><\/p>\n","protected":false},"author":2,"featured_media":0,"parent":501,"menu_order":0,"comment_status":"closed","ping_status":"closed","template":"","meta":{"footnotes":""},"class_list":["post-1395","page","type-page","status-publish","hentry"],"_links":{"self":[{"href":"https:\/\/www.astromarcus.de\/index.php?rest_route=\/wp\/v2\/pages\/1395","targetHints":{"allow":["GET"]}}],"collection":[{"href":"https:\/\/www.astromarcus.de\/index.php?rest_route=\/wp\/v2\/pages"}],"about":[{"href":"https:\/\/www.astromarcus.de\/index.php?rest_route=\/wp\/v2\/types\/page"}],"author":[{"embeddable":true,"href":"https:\/\/www.astromarcus.de\/index.php?rest_route=\/wp\/v2\/users\/2"}],"replies":[{"embeddable":true,"href":"https:\/\/www.astromarcus.de\/index.php?rest_route=%2Fwp%2Fv2%2Fcomments&post=1395"}],"version-history":[{"count":1,"href":"https:\/\/www.astromarcus.de\/index.php?rest_route=\/wp\/v2\/pages\/1395\/revisions"}],"predecessor-version":[{"id":1396,"href":"https:\/\/www.astromarcus.de\/index.php?rest_route=\/wp\/v2\/pages\/1395\/revisions\/1396"}],"up":[{"embeddable":true,"href":"https:\/\/www.astromarcus.de\/index.php?rest_route=\/wp\/v2\/pages\/501"}],"wp:attachment":[{"href":"https:\/\/www.astromarcus.de\/index.php?rest_route=%2Fwp%2Fv2%2Fmedia&parent=1395"}],"curies":[{"name":"wp","href":"https:\/\/api.w.org\/{rel}","templated":true}]}}