{"id":1446,"date":"2021-10-22T09:36:27","date_gmt":"2021-10-22T08:36:27","guid":{"rendered":"https:\/\/www.astromarcus.de\/?page_id=1446"},"modified":"2021-10-22T09:36:27","modified_gmt":"2021-10-22T08:36:27","slug":"messier-33-20-10-2017-5","status":"publish","type":"page","link":"https:\/\/www.astromarcus.de\/?page_id=1446","title":{"rendered":"Messier 38 &#8211; 30.12.2016"},"content":{"rendered":"<table>\n<tbody>\n<tr>\n<td style=\"text-align: center;\" colspan=\"2\"><a href=\"https:\/\/www.astromarcus.de\/astromain\/wp-content\/grand-media\/image\/original\/M38-30-12-2016.jpg\"><img loading=\"lazy\" decoding=\"async\" id=\"gmedia-image-73\" class=\"gmedia-singlepic alignnone\" title=\"Messier 38 - 30.12.16\" src=\"https:\/\/www.astromarcus.de\/astromain\/wp-content\/grand-media\/image\/thumb\/M38-30-12-2016.jpg\" alt=\"Messier 38 - 30.12.16\" width=\"399\" height=\"300\" \/><\/a><\/td>\n<\/tr>\n<tr>\n<td style=\"text-align: left; vertical-align: top;\"><strong>Objekt:<\/strong><\/td>\n<td>Messier 38 (auch als NGC 1912 bezeichnet) ist einer der drei Offenen Sternhaufen (nebst M36 und M37) im Wintersternbild Fuhrmann. Seine scheinbare Helligkeit betr\u00e4gt 6,4 mag, seine Winkelausdehnung 21&#8242;. Er ist rund 4000 Lichtjahre vom Sonnensystem entfernt und hat einen Durchmesser von etwa 25 Lichtjahren. M38 ist ein m\u00e4\u00dfig dichter Haufen mit einem gesch\u00e4tzten Alter von etwa 200 Millionen Jahren.<br \/>\nDie \u00e4ltesten Mitgliedssterne sind Riesen der Spektralklasse B5 mit einer absoluten Helligkeit von etwa \u22121,5 mag. Das Objekt enth\u00e4lt ebenfalls eine Anzahl von A-Typen Hauptreihensterne und einige Riesen des Typs G.<\/p>\n<p>Im Feldstecher 10\u00d750 zeigt er ein W\u00f6lkchen mit einer Handvoll Einzelsterne 9.\u201310. Gr\u00f6\u00dfe, in einem kleinen Fernrohr deutliche Kreuzform, die in st\u00e4rkeren Teleskopen verschwindet. In einem 20-cm-Spiegelfernrohr sehen erfahrene Beobachter bereits 100\u2013150 Sterne, die sich zur Mitte konzentrieren und teilweise in Reihen angeordnet sind.<\/td>\n<\/tr>\n<tr>\n<td style=\"text-align: left; vertical-align: top;\"><strong>Aufgenommen am:<\/strong><\/td>\n<td>30.12.2016<\/td>\n<\/tr>\n<tr>\n<td style=\"text-align: left; vertical-align: top;\"><strong>Teleskop mit Montierung:<\/strong><\/td>\n<td>Newton ohne Namen 10&#8243; \/ F4 auf NEQ6<\/td>\n<\/tr>\n<tr>\n<td style=\"text-align: left; vertical-align: top;\"><strong>Kamera und Nachf\u00fchrung:<\/strong><\/td>\n<td>Aufnahme mit der Atik 383l+. Nachgef\u00fchrt wurde mit dem MGEN.<\/td>\n<\/tr>\n<tr>\n<td style=\"text-align: left; vertical-align: top;\"><strong>Aufnahme Informationen:<\/strong><\/td>\n<td>9 x LRGB\u00a0 \u00e1 240sek ( = 2,4 Stunden) + 10 LRGB Flats 20 Bias und 7 Darks. Nachbearbeitet mit PixInsight<\/td>\n<\/tr>\n<\/tbody>\n<\/table>\n","protected":false},"excerpt":{"rendered":"<p>Objekt: Messier 38 (auch als NGC 1912 bezeichnet) ist einer der drei Offenen Sternhaufen (nebst M36 und M37) im Wintersternbild Fuhrmann. Seine scheinbare Helligkeit betr\u00e4gt 6,4 mag, seine Winkelausdehnung 21&#8242;. Er ist rund 4000 Lichtjahre vom Sonnensystem entfernt und hat einen Durchmesser von etwa 25 Lichtjahren. M38 ist ein m\u00e4\u00dfig\u2026<\/p>\n<p class=\"continue-reading-button\"> <a class=\"continue-reading-link\" href=\"https:\/\/www.astromarcus.de\/?page_id=1446\">Continue reading<i class=\"crycon-right-dir\"><\/i><\/a><\/p>\n","protected":false},"author":2,"featured_media":0,"parent":501,"menu_order":0,"comment_status":"closed","ping_status":"closed","template":"","meta":{"footnotes":""},"class_list":["post-1446","page","type-page","status-publish","hentry"],"_links":{"self":[{"href":"https:\/\/www.astromarcus.de\/index.php?rest_route=\/wp\/v2\/pages\/1446","targetHints":{"allow":["GET"]}}],"collection":[{"href":"https:\/\/www.astromarcus.de\/index.php?rest_route=\/wp\/v2\/pages"}],"about":[{"href":"https:\/\/www.astromarcus.de\/index.php?rest_route=\/wp\/v2\/types\/page"}],"author":[{"embeddable":true,"href":"https:\/\/www.astromarcus.de\/index.php?rest_route=\/wp\/v2\/users\/2"}],"replies":[{"embeddable":true,"href":"https:\/\/www.astromarcus.de\/index.php?rest_route=%2Fwp%2Fv2%2Fcomments&post=1446"}],"version-history":[{"count":1,"href":"https:\/\/www.astromarcus.de\/index.php?rest_route=\/wp\/v2\/pages\/1446\/revisions"}],"predecessor-version":[{"id":1447,"href":"https:\/\/www.astromarcus.de\/index.php?rest_route=\/wp\/v2\/pages\/1446\/revisions\/1447"}],"up":[{"embeddable":true,"href":"https:\/\/www.astromarcus.de\/index.php?rest_route=\/wp\/v2\/pages\/501"}],"wp:attachment":[{"href":"https:\/\/www.astromarcus.de\/index.php?rest_route=%2Fwp%2Fv2%2Fmedia&parent=1446"}],"curies":[{"name":"wp","href":"https:\/\/api.w.org\/{rel}","templated":true}]}}