{"id":733,"date":"2016-05-29T07:42:05","date_gmt":"2016-05-29T06:42:05","guid":{"rendered":"http:\/\/www.astromarcus.de\/?page_id=733"},"modified":"2021-10-17T11:04:54","modified_gmt":"2021-10-17T10:04:54","slug":"messier-71-05-09-2003","status":"publish","type":"page","link":"https:\/\/www.astromarcus.de\/?page_id=733","title":{"rendered":"Messier 71 &#8211; 17.06.2006"},"content":{"rendered":"<table>\n<tbody>\n<tr>\n<td style=\"text-align: center;\" colspan=\"2\"><a href=\"https:\/\/www.astromarcus.de\/astromain\/wp-content\/grand-media\/image\/original\/M71-17-06-06.jpg\"><img loading=\"lazy\" decoding=\"async\" id=\"gmedia-image-14\" class=\"gmedia-singlepic alignnone\" title=\"Messier 71 - 17.06.06\" src=\"https:\/\/www.astromarcus.de\/astromain\/wp-content\/grand-media\/image\/thumb\/M71-17-06-06.jpg\" alt=\"Messier 71 - 17.06.06\" width=\"450\" height=\"300\" \/><\/a><\/td>\n<\/tr>\n<tr>\n<td style=\"text-align: left; vertical-align: top;\"><strong>Objekt:<\/strong><\/td>\n<td style=\"text-align: left;\">Messier 71 (kurz M71, auch als NGC 6838 bezeichnet) ist ein +6,1 mag heller Kugelsternhaufen mit einer Winkelausdehnung von 7,2&#8242; im Sternbild Pfeil. Er geh\u00f6rt mit etwa 18.000 Lichtjahren Entfernung zum inneren galaktischen Halo und hat einen Durchmesser von nur 36 Lichtjahren.<br \/>\nSeine Sterne kommen auf eine Metallizit\u00e4t von einem F\u00fcnftel des solaren Werts, w\u00e4hrend die meisten Kugelsternhaufen nur ein Hundertstel der Metallh\u00e4ufigkeit aufweisen. Weiterhin enth\u00e4lt er nur sehr wenige ver\u00e4nderliche Sterne und gar keine vom RR Lyrae-Typ, was f\u00fcr einen Kugelsternhaufen ebenfalls sehr ungew\u00f6hnlich ist. Dies erkl\u00e4rt sich durch das f\u00fcr einen Kugelsternhaufen relativ junge Alter von lediglich 9-10 Milliarden Jahren. \u00c4hnliche Werte weisen nur noch NGC 104 und M 68 auf.<br \/>\nM\u00f6glicherweise wurde das Objekt von de Ch\u00e9seaux 1746 oder von J. K\u00f6hler um 1775 entdeckt. M\u00e9chain machte im Juni 1780 gesicherte Beobachtungen und informierte Messier, der den Sternhaufen noch im gleichen Jahr in seinen Katalogaufnahm.<br \/>\nDie Einordnung von M71 als Kugelsternhaufen galt lange als umstritten, da der Haufen recht lose ist. Der Haufen wurde daher meist als sehr dichter offener Sternhaufen kategorisiert.<\/td>\n<\/tr>\n<tr>\n<td style=\"text-align: left; vertical-align: top;\"><strong>Aufgenommen am:<\/strong><\/td>\n<td style=\"text-align: left;\">17.06.2006<\/td>\n<\/tr>\n<tr>\n<td style=\"text-align: left; vertical-align: top;\"><strong>Teleskop mit Montierung:<\/strong><\/td>\n<td style=\"text-align: left;\">Vixen R200SS &#8211; 8&#8243;\/f4 auf GPDX<\/td>\n<\/tr>\n<tr>\n<td style=\"text-align: left; vertical-align: top;\"><strong>Kamera und Nachf\u00fchrung:<\/strong><\/td>\n<td style=\"text-align: left;\">Aufnahme mit der Canon 20DA. Nachgef\u00fchrt wurde mit\u00a0der Webcam Philips Toucam mit PHD Guiding.<\/td>\n<\/tr>\n<tr>\n<td style=\"text-align: left; vertical-align: top;\"><strong>Aufnahme Informationen:<\/strong><\/td>\n<td style=\"text-align: left;\">19 Bilder \u00e1 30sek (=\u00a05,7 min ) ISO 1600 bearbeitet mit Fitswork<\/td>\n<\/tr>\n<\/tbody>\n<\/table>\n<h6><\/h6>\n","protected":false},"excerpt":{"rendered":"<p>Objekt: Messier 71 (kurz M71, auch als NGC 6838 bezeichnet) ist ein +6,1 mag heller Kugelsternhaufen mit einer Winkelausdehnung von 7,2&#8242; im Sternbild Pfeil. Er geh\u00f6rt mit etwa 18.000 Lichtjahren Entfernung zum inneren galaktischen Halo und hat einen Durchmesser von nur 36 Lichtjahren. Seine Sterne kommen auf eine Metallizit\u00e4t von\u2026<\/p>\n<p class=\"continue-reading-button\"> <a class=\"continue-reading-link\" href=\"https:\/\/www.astromarcus.de\/?page_id=733\">Continue reading<i class=\"crycon-right-dir\"><\/i><\/a><\/p>\n","protected":false},"author":2,"featured_media":0,"parent":501,"menu_order":0,"comment_status":"closed","ping_status":"closed","template":"","meta":{"footnotes":""},"class_list":["post-733","page","type-page","status-publish","hentry"],"_links":{"self":[{"href":"https:\/\/www.astromarcus.de\/index.php?rest_route=\/wp\/v2\/pages\/733","targetHints":{"allow":["GET"]}}],"collection":[{"href":"https:\/\/www.astromarcus.de\/index.php?rest_route=\/wp\/v2\/pages"}],"about":[{"href":"https:\/\/www.astromarcus.de\/index.php?rest_route=\/wp\/v2\/types\/page"}],"author":[{"embeddable":true,"href":"https:\/\/www.astromarcus.de\/index.php?rest_route=\/wp\/v2\/users\/2"}],"replies":[{"embeddable":true,"href":"https:\/\/www.astromarcus.de\/index.php?rest_route=%2Fwp%2Fv2%2Fcomments&post=733"}],"version-history":[{"count":9,"href":"https:\/\/www.astromarcus.de\/index.php?rest_route=\/wp\/v2\/pages\/733\/revisions"}],"predecessor-version":[{"id":1334,"href":"https:\/\/www.astromarcus.de\/index.php?rest_route=\/wp\/v2\/pages\/733\/revisions\/1334"}],"up":[{"embeddable":true,"href":"https:\/\/www.astromarcus.de\/index.php?rest_route=\/wp\/v2\/pages\/501"}],"wp:attachment":[{"href":"https:\/\/www.astromarcus.de\/index.php?rest_route=%2Fwp%2Fv2%2Fmedia&parent=733"}],"curies":[{"name":"wp","href":"https:\/\/api.w.org\/{rel}","templated":true}]}}